{"id":272,"date":"2024-04-16T06:45:38","date_gmt":"2024-04-16T06:45:38","guid":{"rendered":"https:\/\/e-projektos.hr\/?page_id=272"},"modified":"2024-05-22T08:09:39","modified_gmt":"2024-05-22T08:09:39","slug":"reference","status":"publish","type":"page","link":"https:\/\/e-projektos.hr\/?page_id=272","title":{"rendered":"Reference"},"content":{"rendered":"\n<p class=\"has-medium-font-size\">Na\u0161e reference pru\u017eaju uvid u na\u0161e dosada\u0161nje uspjehe i postignu\u0107a, nagla\u0161avaju\u0107i na\u0161u stru\u010dnost i posve\u0107enost kvaliteti. Kroz raznolike projekte koje smo uspje\u0161no realizirali, isti\u010demo \u0161irinu na\u0161eg iskustva i sposobnosti.<\/p>\n\n\n\n<p><\/p>\n\n\n\n<hr class=\"wp-block-separator has-alpha-channel-opacity is-style-dots\"\/>\n\n\n\n<p><\/p>\n\n\n\n<p><\/p>\n\n\n\n<div class=\"alignnormal\"><div id=\"metaslider-id-283\" style=\"width: 100%;\" class=\"ml-slider-3-80-0 metaslider metaslider-flex metaslider-283 ml-slider ms-theme-default nav-hidden\" role=\"region\" aria-roledescription=\"Slideshow\" aria-label=\"LABIN\">\n    <div id=\"metaslider_container_283\">\n        <div id=\"metaslider_283\">\n            <ul class='slides'>\n                <li style=\"display: none; width: 100%;\" class=\"slide-319 ms-image \" aria-roledescription=\"slide\" aria-label=\"slide-319\"><img fetchpriority=\"high\" decoding=\"async\" src=\"https:\/\/e-projektos.hr\/wp-content\/uploads\/2024\/05\/LUKSUZNE-KUCE-ZA-ODMOR-LABIN-300x300.jpg\" height=\"300\" width=\"300\" alt=\"\" class=\"slider-283 slide-319\" title=\"LUKSUZNE KU\u0106E ZA ODMOR LABIN\" \/><\/li>\n                <li style=\"display: none; width: 100%;\" class=\"slide-313 ms-image \" aria-roledescription=\"slide\" aria-label=\"slide-313\"><img decoding=\"async\" src=\"https:\/\/e-projektos.hr\/wp-content\/uploads\/2024\/05\/Image1-300x300.png\" height=\"300\" width=\"300\" alt=\"\" class=\"slider-283 slide-313\" title=\"Image1\" \/><\/li>\n                <li style=\"display: none; width: 100%;\" class=\"slide-315 ms-image \" aria-roledescription=\"slide\" aria-label=\"slide-315\"><img decoding=\"async\" src=\"https:\/\/e-projektos.hr\/wp-content\/uploads\/2024\/05\/Image3-1-300x300.png\" height=\"300\" width=\"300\" alt=\"\" class=\"slider-283 slide-315\" title=\"Image3\" \/><\/li>\n                <li style=\"display: none; width: 100%;\" class=\"slide-317 ms-image \" aria-roledescription=\"slide\" aria-label=\"slide-317\"><img loading=\"lazy\" decoding=\"async\" src=\"https:\/\/e-projektos.hr\/wp-content\/uploads\/2024\/05\/Image10-300x300.png\" height=\"300\" width=\"300\" alt=\"\" class=\"slider-283 slide-317\" title=\"Image10\" \/><\/li>\n                <li style=\"display: none; width: 100%;\" class=\"slide-378 ms-image \" aria-roledescription=\"slide\" aria-label=\"slide-378\"><img loading=\"lazy\" decoding=\"async\" src=\"https:\/\/e-projektos.hr\/wp-content\/uploads\/2024\/05\/Image5-300x300.png\" height=\"300\" width=\"300\" alt=\"\" class=\"slider-283 slide-378\" title=\"Image5\" \/><\/li>\n            <\/ul>\n        <\/div>\n        \n    <\/div>\n<\/div><\/div>\n\n\n\n<p><\/p>\n\n\n\n<hr class=\"wp-block-separator has-alpha-channel-opacity is-style-dots\"\/>\n\n\n\n<p><\/p>\n\n\n\n<hr class=\"wp-block-separator has-text-color has-cyan-bluish-gray-color has-alpha-channel-opacity has-cyan-bluish-gray-background-color has-background\"\/>\n\n\n\n<p><\/p>\n\n\n\n<p><\/p>\n\n\n\n<div class=\"alignnormal\"><div id=\"metaslider-id-320\" style=\"width: 100%;\" class=\"ml-slider-3-80-0 metaslider metaslider-flex metaslider-320 ml-slider ms-theme-default nav-hidden nav-hidden\" role=\"region\" aria-roledescription=\"Slideshow\" aria-label=\"PULA\">\n    <div id=\"metaslider_container_320\">\n        <div id=\"metaslider_320\">\n            <ul class='slides'>\n                <li style=\"display: none; width: 100%;\" class=\"slide-322 ms-image \" aria-roledescription=\"slide\" aria-label=\"slide-322\"><img loading=\"lazy\" decoding=\"async\" src=\"https:\/\/e-projektos.hr\/wp-content\/uploads\/2024\/05\/LUKSUZNE-KUCE-ZA-ODMOR-LABIN-2-300x300.jpg\" height=\"300\" width=\"300\" alt=\"\" class=\"slider-320 slide-322\" title=\"LUKSUZNE KU\u0106E ZA ODMOR LABIN-2\" \/><\/li>\n                <li style=\"display: none; width: 100%;\" class=\"slide-324 ms-image \" aria-roledescription=\"slide\" aria-label=\"slide-324\"><img loading=\"lazy\" decoding=\"async\" src=\"https:\/\/e-projektos.hr\/wp-content\/uploads\/2024\/05\/Image23-300x300.jpg\" height=\"300\" width=\"300\" alt=\"\" class=\"slider-320 slide-324\" title=\"Image23\" \/><\/li>\n                <li style=\"display: none; width: 100%;\" class=\"slide-326 ms-image \" aria-roledescription=\"slide\" aria-label=\"slide-326\"><img loading=\"lazy\" decoding=\"async\" src=\"https:\/\/e-projektos.hr\/wp-content\/uploads\/2024\/05\/Image16-300x300.jpg\" height=\"300\" width=\"300\" alt=\"\" class=\"slider-320 slide-326\" title=\"Image16\" \/><\/li>\n                <li style=\"display: none; width: 100%;\" class=\"slide-328 ms-image \" aria-roledescription=\"slide\" aria-label=\"slide-328\"><img loading=\"lazy\" decoding=\"async\" src=\"https:\/\/e-projektos.hr\/wp-content\/uploads\/2024\/05\/Image21-300x300.jpg\" height=\"300\" width=\"300\" alt=\"\" class=\"slider-320 slide-328\" title=\"Image21\" \/><\/li>\n                <li style=\"display: none; width: 100%;\" class=\"slide-380 ms-image \" aria-roledescription=\"slide\" aria-label=\"slide-380\"><img loading=\"lazy\" decoding=\"async\" src=\"https:\/\/e-projektos.hr\/wp-content\/uploads\/2024\/05\/Image22-300x300.jpg\" height=\"300\" width=\"300\" alt=\"\" class=\"slider-320 slide-380\" title=\"Image22\" \/><\/li>\n            <\/ul>\n        <\/div>\n        \n    <\/div>\n<\/div><\/div>\n\n\n\n<p><\/p>\n\n\n\n<hr class=\"wp-block-separator has-alpha-channel-opacity is-style-dots\"\/>\n\n\n\n<p><\/p>\n\n\n\n<hr class=\"wp-block-separator has-text-color has-cyan-bluish-gray-color has-alpha-channel-opacity has-cyan-bluish-gray-background-color has-background\"\/>\n\n\n\n<p><\/p>\n\n\n\n<p><\/p>\n\n\n\n<div class=\"alignnormal\"><div id=\"metaslider-id-329\" style=\"width: 100%;\" class=\"ml-slider-3-80-0 metaslider metaslider-flex metaslider-329 ml-slider ms-theme-default nav-hidden nav-hidden nav-hidden\" role=\"region\" aria-roledescription=\"Slideshow\" aria-label=\"OBITELJSKA KU\u0106A\">\n    <div id=\"metaslider_container_329\">\n        <div id=\"metaslider_329\">\n            <ul class='slides'>\n                <li style=\"display: none; width: 100%;\" class=\"slide-337 ms-image \" aria-roledescription=\"slide\" aria-label=\"slide-337\"><img loading=\"lazy\" decoding=\"async\" src=\"https:\/\/e-projektos.hr\/wp-content\/uploads\/2024\/05\/LUKSUZNE-KUCE-ZA-ODMOR-LABIN-3-300x300.jpg\" height=\"300\" width=\"300\" alt=\"\" class=\"slider-329 slide-337\" title=\"LUKSUZNE KU\u0106E ZA ODMOR LABIN-3\" \/><\/li>\n                <li style=\"display: none; width: 100%;\" class=\"slide-331 ms-image \" aria-roledescription=\"slide\" aria-label=\"slide-331\"><img loading=\"lazy\" decoding=\"async\" src=\"https:\/\/e-projektos.hr\/wp-content\/uploads\/2024\/05\/Image35-300x300.png\" height=\"300\" width=\"300\" alt=\"\" class=\"slider-329 slide-331\" title=\"Image35\" \/><\/li>\n                <li style=\"display: none; width: 100%;\" class=\"slide-333 ms-image \" aria-roledescription=\"slide\" aria-label=\"slide-333\"><img loading=\"lazy\" decoding=\"async\" src=\"https:\/\/e-projektos.hr\/wp-content\/uploads\/2024\/05\/Image33-300x300.png\" height=\"300\" width=\"300\" alt=\"\" class=\"slider-329 slide-333\" title=\"Image33\" \/><\/li>\n                <li style=\"display: none; width: 100%;\" class=\"slide-335 ms-image \" aria-roledescription=\"slide\" aria-label=\"slide-335\"><img loading=\"lazy\" decoding=\"async\" src=\"https:\/\/e-projektos.hr\/wp-content\/uploads\/2024\/05\/Image32-300x300.png\" height=\"300\" width=\"300\" alt=\"\" class=\"slider-329 slide-335\" title=\"Image32\" \/><\/li>\n                <li style=\"display: none; width: 100%;\" class=\"slide-382 ms-image \" aria-roledescription=\"slide\" aria-label=\"slide-382\"><img loading=\"lazy\" decoding=\"async\" src=\"https:\/\/e-projektos.hr\/wp-content\/uploads\/2024\/05\/Image36-300x300.png\" height=\"300\" width=\"300\" alt=\"\" class=\"slider-329 slide-382\" title=\"Image36\" \/><\/li>\n            <\/ul>\n        <\/div>\n        \n    <\/div>\n<\/div><\/div>\n\n\n\n<p><\/p>\n\n\n\n<hr class=\"wp-block-separator has-alpha-channel-opacity is-style-dots\"\/>\n\n\n\n<p><\/p>\n\n\n\n<hr class=\"wp-block-separator has-text-color has-cyan-bluish-gray-color has-alpha-channel-opacity has-cyan-bluish-gray-background-color has-background is-style-default\"\/>\n\n\n\n<p><\/p>\n\n\n\n<p><\/p>\n\n\n\n<div class=\"alignnormal\"><div id=\"metaslider-id-338\" style=\"width: 100%;\" class=\"ml-slider-3-80-0 metaslider metaslider-flex metaslider-338 ml-slider ms-theme-default nav-hidden nav-hidden nav-hidden nav-hidden\" role=\"region\" aria-roledescription=\"Slideshow\" aria-label=\"ZGRADA\">\n    <div id=\"metaslider_container_338\">\n        <div id=\"metaslider_338\">\n            <ul class='slides'>\n                <li style=\"display: none; width: 100%;\" class=\"slide-346 ms-image \" aria-roledescription=\"slide\" aria-label=\"slide-346\"><img loading=\"lazy\" decoding=\"async\" src=\"https:\/\/e-projektos.hr\/wp-content\/uploads\/2024\/05\/LUKSUZNE-KUCE-ZA-ODMOR-LABIN-4-300x300.jpg\" height=\"300\" width=\"300\" alt=\"\" class=\"slider-338 slide-346\" title=\"LUKSUZNE KU\u0106E ZA ODMOR LABIN-4\" \/><\/li>\n                <li style=\"display: none; width: 100%;\" class=\"slide-340 ms-image \" aria-roledescription=\"slide\" aria-label=\"slide-340\"><img loading=\"lazy\" decoding=\"async\" src=\"https:\/\/e-projektos.hr\/wp-content\/uploads\/2024\/05\/Image79-300x300.png\" height=\"300\" width=\"300\" alt=\"\" class=\"slider-338 slide-340\" title=\"Image79\" \/><\/li>\n                <li style=\"display: none; width: 100%;\" class=\"slide-342 ms-image \" aria-roledescription=\"slide\" aria-label=\"slide-342\"><img loading=\"lazy\" decoding=\"async\" src=\"https:\/\/e-projektos.hr\/wp-content\/uploads\/2024\/05\/Image88-300x300.png\" height=\"300\" width=\"300\" alt=\"\" class=\"slider-338 slide-342\" title=\"Image88\" \/><\/li>\n                <li style=\"display: none; width: 100%;\" class=\"slide-344 ms-image \" aria-roledescription=\"slide\" aria-label=\"slide-344\"><img loading=\"lazy\" decoding=\"async\" src=\"https:\/\/e-projektos.hr\/wp-content\/uploads\/2024\/05\/Image89-300x300.png\" height=\"300\" width=\"300\" alt=\"\" class=\"slider-338 slide-344\" title=\"Image89\" \/><\/li>\n                <li style=\"display: none; width: 100%;\" class=\"slide-384 ms-image \" aria-roledescription=\"slide\" aria-label=\"slide-384\"><img loading=\"lazy\" decoding=\"async\" src=\"https:\/\/e-projektos.hr\/wp-content\/uploads\/2024\/05\/Image80-300x300.png\" height=\"300\" width=\"300\" alt=\"\" class=\"slider-338 slide-384\" title=\"Image80\" \/><\/li>\n            <\/ul>\n        <\/div>\n        \n    <\/div>\n<\/div><\/div>\n\n\n\n<p><\/p>\n\n\n\n<hr class=\"wp-block-separator has-alpha-channel-opacity is-style-dots\"\/>\n\n\n\n<p><\/p>\n\n\n\n<hr class=\"wp-block-separator has-text-color has-cyan-bluish-gray-color has-alpha-channel-opacity has-cyan-bluish-gray-background-color has-background\"\/>\n\n\n\n<p><\/p>\n\n\n\n<p><\/p>\n\n\n\n<div class=\"alignnormal\"><div id=\"metaslider-id-347\" style=\"width: 100%;\" class=\"ml-slider-3-80-0 metaslider metaslider-flex metaslider-347 ml-slider ms-theme-default nav-hidden nav-hidden nav-hidden nav-hidden nav-hidden\" role=\"region\" aria-roledescription=\"Slideshow\" aria-label=\"VIR\">\n    <div id=\"metaslider_container_347\">\n        <div id=\"metaslider_347\">\n            <ul class='slides'>\n                <li style=\"display: none; width: 100%;\" class=\"slide-355 ms-image \" aria-roledescription=\"slide\" aria-label=\"slide-355\"><img loading=\"lazy\" decoding=\"async\" src=\"https:\/\/e-projektos.hr\/wp-content\/uploads\/2024\/05\/LUKSUZNE-KUCE-ZA-ODMOR-LABIN-5-300x300.jpg\" height=\"300\" width=\"300\" alt=\"\" class=\"slider-347 slide-355\" title=\"LUKSUZNE KU\u0106E ZA ODMOR LABIN-5\" \/><\/li>\n                <li style=\"display: none; width: 100%;\" class=\"slide-349 ms-image \" aria-roledescription=\"slide\" aria-label=\"slide-349\"><img loading=\"lazy\" decoding=\"async\" src=\"https:\/\/e-projektos.hr\/wp-content\/uploads\/2024\/05\/Image27-300x300.png\" height=\"300\" width=\"300\" alt=\"\" class=\"slider-347 slide-349\" title=\"Image27\" \/><\/li>\n                <li style=\"display: none; width: 100%;\" class=\"slide-351 ms-image \" aria-roledescription=\"slide\" aria-label=\"slide-351\"><img loading=\"lazy\" decoding=\"async\" src=\"https:\/\/e-projektos.hr\/wp-content\/uploads\/2024\/05\/Image38-300x300.png\" height=\"300\" width=\"300\" alt=\"\" class=\"slider-347 slide-351\" title=\"Image38\" \/><\/li>\n                <li style=\"display: none; width: 100%;\" class=\"slide-353 ms-image \" aria-roledescription=\"slide\" aria-label=\"slide-353\"><img loading=\"lazy\" decoding=\"async\" src=\"https:\/\/e-projektos.hr\/wp-content\/uploads\/2024\/05\/Image48-300x300.png\" height=\"300\" width=\"300\" alt=\"\" class=\"slider-347 slide-353\" title=\"Image48\" \/><\/li>\n                <li style=\"display: none; width: 100%;\" class=\"slide-386 ms-image \" aria-roledescription=\"slide\" aria-label=\"slide-386\"><img loading=\"lazy\" decoding=\"async\" src=\"https:\/\/e-projektos.hr\/wp-content\/uploads\/2024\/05\/Image37-300x300.png\" height=\"300\" width=\"300\" alt=\"\" class=\"slider-347 slide-386\" title=\"Image37\" \/><\/li>\n            <\/ul>\n        <\/div>\n        \n    <\/div>\n<\/div><\/div>\n\n\n\n<p><\/p>\n\n\n\n<hr class=\"wp-block-separator has-alpha-channel-opacity is-style-dots\"\/>\n\n\n\n<p><\/p>\n\n\n\n<hr class=\"wp-block-separator has-text-color has-cyan-bluish-gray-color has-alpha-channel-opacity has-cyan-bluish-gray-background-color has-background\"\/>\n\n\n\n<p><\/p>\n\n\n\n<p><\/p>\n\n\n\n<div class=\"alignnormal\"><div id=\"metaslider-id-356\" style=\"width: 100%;\" class=\"ml-slider-3-80-0 metaslider metaslider-flex metaslider-356 ml-slider ms-theme-default nav-hidden nav-hidden nav-hidden nav-hidden nav-hidden nav-hidden\" role=\"region\" aria-roledescription=\"Slideshow\" aria-label=\"SIN RAVNICE\">\n    <div id=\"metaslider_container_356\">\n        <div id=\"metaslider_356\">\n            <ul class='slides'>\n                <li style=\"display: none; width: 100%;\" class=\"slide-364 ms-image \" aria-roledescription=\"slide\" aria-label=\"slide-364\"><img loading=\"lazy\" decoding=\"async\" src=\"https:\/\/e-projektos.hr\/wp-content\/uploads\/2024\/05\/LUKSUZNE-KUCE-ZA-ODMOR-LABIN-6-300x300.jpg\" height=\"300\" width=\"300\" alt=\"\" class=\"slider-356 slide-364\" title=\"LUKSUZNE KU\u0106E ZA ODMOR LABIN-6\" \/><\/li>\n                <li style=\"display: none; width: 100%;\" class=\"slide-358 ms-image \" aria-roledescription=\"slide\" aria-label=\"slide-358\"><img loading=\"lazy\" decoding=\"async\" src=\"https:\/\/e-projektos.hr\/wp-content\/uploads\/2024\/05\/Image18-300x300.png\" height=\"300\" width=\"300\" alt=\"\" class=\"slider-356 slide-358\" title=\"Image18\" \/><\/li>\n                <li style=\"display: none; width: 100%;\" class=\"slide-360 ms-image \" aria-roledescription=\"slide\" aria-label=\"slide-360\"><img loading=\"lazy\" decoding=\"async\" src=\"https:\/\/e-projektos.hr\/wp-content\/uploads\/2024\/05\/Image19-300x300.png\" height=\"300\" width=\"300\" alt=\"\" class=\"slider-356 slide-360\" title=\"Image19\" \/><\/li>\n                <li style=\"display: none; width: 100%;\" class=\"slide-363 ms-image \" aria-roledescription=\"slide\" aria-label=\"slide-363\"><img loading=\"lazy\" decoding=\"async\" src=\"https:\/\/e-projektos.hr\/wp-content\/uploads\/2024\/05\/Image28-300x300.png\" height=\"300\" width=\"300\" alt=\"\" class=\"slider-356 slide-363\" title=\"Image28\" \/><\/li>\n                <li style=\"display: none; width: 100%;\" class=\"slide-388 ms-image \" aria-roledescription=\"slide\" aria-label=\"slide-388\"><img loading=\"lazy\" decoding=\"async\" src=\"https:\/\/e-projektos.hr\/wp-content\/uploads\/2024\/05\/Image31-300x300.png\" height=\"300\" width=\"300\" alt=\"\" class=\"slider-356 slide-388\" title=\"Image31\" \/><\/li>\n            <\/ul>\n        <\/div>\n        \n    <\/div>\n<\/div><\/div>\n\n\n\n<p><\/p>\n\n\n\n<hr class=\"wp-block-separator has-alpha-channel-opacity is-style-dots\"\/>\n\n\n\n<p><\/p>\n\n\n\n<hr class=\"wp-block-separator has-text-color has-cyan-bluish-gray-color has-alpha-channel-opacity has-cyan-bluish-gray-background-color has-background\"\/>\n\n\n\n<p><\/p>\n\n\n\n<p><\/p>\n\n\n\n<div class=\"alignnormal\"><div id=\"metaslider-id-367\" style=\"width: 100%;\" class=\"ml-slider-3-80-0 metaslider metaslider-flex metaslider-367 ml-slider ms-theme-default nav-hidden nav-hidden nav-hidden nav-hidden nav-hidden nav-hidden nav-hidden\" role=\"region\" aria-roledescription=\"Slideshow\" aria-label=\"KAMION\">\n    <div id=\"metaslider_container_367\">\n        <div id=\"metaslider_367\">\n            <ul class='slides'>\n                <li style=\"display: none; width: 100%;\" class=\"slide-374 ms-image \" aria-roledescription=\"slide\" aria-label=\"slide-374\"><img loading=\"lazy\" decoding=\"async\" src=\"https:\/\/e-projektos.hr\/wp-content\/uploads\/2024\/05\/LUKSUZNE-KUCE-ZA-ODMOR-LABIN-7-300x300.jpg\" height=\"300\" width=\"300\" alt=\"\" class=\"slider-367 slide-374\" title=\"LUKSUZNE KU\u0106E ZA ODMOR LABIN-7\" \/><\/li>\n                <li style=\"display: none; width: 100%;\" class=\"slide-368 ms-image \" aria-roledescription=\"slide\" aria-label=\"slide-368\"><img loading=\"lazy\" decoding=\"async\" src=\"https:\/\/e-projektos.hr\/wp-content\/uploads\/2024\/05\/Image3-2-300x300.png\" height=\"300\" width=\"300\" alt=\"\" class=\"slider-367 slide-368\" title=\"Image3\" \/><\/li>\n                <li style=\"display: none; width: 100%;\" class=\"slide-370 ms-image \" aria-roledescription=\"slide\" aria-label=\"slide-370\"><img loading=\"lazy\" decoding=\"async\" src=\"https:\/\/e-projektos.hr\/wp-content\/uploads\/2024\/05\/Image12-300x300.png\" height=\"300\" width=\"300\" alt=\"\" class=\"slider-367 slide-370\" title=\"Image12\" \/><\/li>\n                <li style=\"display: none; width: 100%;\" class=\"slide-372 ms-image \" aria-roledescription=\"slide\" aria-label=\"slide-372\"><img loading=\"lazy\" decoding=\"async\" src=\"https:\/\/e-projektos.hr\/wp-content\/uploads\/2024\/05\/Image13-300x300.png\" height=\"300\" width=\"300\" alt=\"\" class=\"slider-367 slide-372\" title=\"Image13\" \/><\/li>\n                <li style=\"display: none; width: 100%;\" class=\"slide-390 ms-image \" aria-roledescription=\"slide\" aria-label=\"slide-390\"><img loading=\"lazy\" decoding=\"async\" src=\"https:\/\/e-projektos.hr\/wp-content\/uploads\/2024\/05\/Image5-1-300x300.png\" height=\"300\" width=\"300\" alt=\"\" class=\"slider-367 slide-390\" title=\"Image5\" \/><\/li>\n            <\/ul>\n        <\/div>\n        \n    <\/div>\n<\/div><\/div>\n\n\n\n<hr class=\"wp-block-separator has-alpha-channel-opacity\"\/>\n\n\n\n<hr class=\"wp-block-separator has-alpha-channel-opacity\"\/>\n\n\n\n<hr class=\"wp-block-separator has-alpha-channel-opacity is-style-dots\"\/>\n\n\n\n<hr class=\"wp-block-separator has-alpha-channel-opacity\"\/>\n\n\n\n<div class=\"alignnormal\"><div id=\"metaslider-id-413\" style=\"width: 100%;\" class=\"ml-slider-3-80-0 metaslider metaslider-flex metaslider-413 ml-slider ms-theme-default nav-hidden nav-hidden nav-hidden nav-hidden nav-hidden nav-hidden nav-hidden nav-hidden\" role=\"region\" aria-roledescription=\"Slideshow\" aria-label=\"ILOK\">\n    <div id=\"metaslider_container_413\">\n        <div id=\"metaslider_413\">\n            <ul class='slides'>\n                <li style=\"display: none; width: 100%;\" class=\"slide-423 ms-image \" aria-roledescription=\"slide\" aria-label=\"slide-423\"><img loading=\"lazy\" decoding=\"async\" src=\"https:\/\/e-projektos.hr\/wp-content\/uploads\/2024\/05\/LUKSUZNE-KUCE-ZA-ODMOR-LABIN-8-300x300.jpg\" height=\"300\" width=\"300\" alt=\"\" class=\"slider-413 slide-423\" title=\"LUKSUZNE KU\u0106E ZA ODMOR LABIN-8\" \/><\/li>\n                <li style=\"display: none; width: 100%;\" class=\"slide-418 ms-image \" aria-roledescription=\"slide\" aria-label=\"slide-418\"><img loading=\"lazy\" decoding=\"async\" src=\"https:\/\/e-projektos.hr\/wp-content\/uploads\/2024\/05\/Image33-1-300x300.png\" height=\"300\" width=\"300\" alt=\"\" class=\"slider-413 slide-418\" title=\"Image33\" \/><\/li>\n                <li style=\"display: none; width: 100%;\" class=\"slide-419 ms-image \" aria-roledescription=\"slide\" aria-label=\"slide-419\"><img loading=\"lazy\" decoding=\"async\" src=\"https:\/\/e-projektos.hr\/wp-content\/uploads\/2024\/05\/Image35-1-300x300.png\" height=\"300\" width=\"300\" alt=\"\" class=\"slider-413 slide-419\" title=\"Image35\" \/><\/li>\n                <li style=\"display: none; width: 100%;\" class=\"slide-420 ms-image \" aria-roledescription=\"slide\" aria-label=\"slide-420\"><img loading=\"lazy\" decoding=\"async\" src=\"https:\/\/e-projektos.hr\/wp-content\/uploads\/2024\/05\/Image36-1-300x300.png\" height=\"300\" width=\"300\" alt=\"\" class=\"slider-413 slide-420\" title=\"Image36\" \/><\/li>\n                <li style=\"display: none; width: 100%;\" class=\"slide-421 ms-image \" aria-roledescription=\"slide\" aria-label=\"slide-421\"><img loading=\"lazy\" decoding=\"async\" src=\"https:\/\/e-projektos.hr\/wp-content\/uploads\/2024\/05\/Image37-1-300x300.png\" height=\"300\" width=\"300\" alt=\"\" class=\"slider-413 slide-421\" title=\"Image37\" \/><\/li>\n            <\/ul>\n        <\/div>\n        \n    <\/div>\n<\/div><\/div>\n","protected":false},"excerpt":{"rendered":"<p>Na\u0161e reference pru\u017eaju uvid u na\u0161e dosada\u0161nje uspjehe i postignu\u0107a, nagla\u0161avaju\u0107i na\u0161u stru\u010dnost i posve\u0107enost kvaliteti. Kroz raznolike projekte koje smo uspje\u0161no realizirali, isti\u010demo \u0161irinu na\u0161eg iskustva i sposobnosti.<\/p>\n","protected":false},"author":1,"featured_media":0,"parent":0,"menu_order":0,"comment_status":"closed","ping_status":"closed","template":"","meta":{"_regular_price":[],"currency_symbol":[],"footnotes":""},"class_list":["post-272","page","type-page","status-publish","hentry"],"post_slider_layout_featured_media_urls":{"thumbnail":"","post_slider_layout_landscape_large":"","post_slider_layout_portrait_large":"","post_slider_layout_square_large":"","post_slider_layout_landscape":"","post_slider_layout_portrait":"","post_slider_layout_square":"","full":""},"_links":{"self":[{"href":"https:\/\/e-projektos.hr\/index.php?rest_route=\/wp\/v2\/pages\/272","targetHints":{"allow":["GET"]}}],"collection":[{"href":"https:\/\/e-projektos.hr\/index.php?rest_route=\/wp\/v2\/pages"}],"about":[{"href":"https:\/\/e-projektos.hr\/index.php?rest_route=\/wp\/v2\/types\/page"}],"author":[{"embeddable":true,"href":"https:\/\/e-projektos.hr\/index.php?rest_route=\/wp\/v2\/users\/1"}],"replies":[{"embeddable":true,"href":"https:\/\/e-projektos.hr\/index.php?rest_route=%2Fwp%2Fv2%2Fcomments&post=272"}],"version-history":[{"count":12,"href":"https:\/\/e-projektos.hr\/index.php?rest_route=\/wp\/v2\/pages\/272\/revisions"}],"predecessor-version":[{"id":425,"href":"https:\/\/e-projektos.hr\/index.php?rest_route=\/wp\/v2\/pages\/272\/revisions\/425"}],"wp:attachment":[{"href":"https:\/\/e-projektos.hr\/index.php?rest_route=%2Fwp%2Fv2%2Fmedia&parent=272"}],"curies":[{"name":"wp","href":"https:\/\/api.w.org\/{rel}","templated":true}]}}