{"id":27,"date":"2024-03-28T13:44:48","date_gmt":"2024-03-28T13:44:48","guid":{"rendered":"https:\/\/e-projektos.hr\/?page_id=27"},"modified":"2024-05-22T08:10:04","modified_gmt":"2024-05-22T08:10:04","slug":"usluge","status":"publish","type":"page","link":"https:\/\/e-projektos.hr\/?page_id=27","title":{"rendered":"Usluge"},"content":{"rendered":"\n<div class=\"wp-block-ive-accordion alignnone\"><div class=\"ive-accordion-wrap ive-accordion-wrap ive-accordion-_c5ac85-15 ive-accordion-has-7-panes ive-active-pane-0 ive-accordion-block ive-pane-header-alignment-left ive-accodion-icon-style-basic ive-accodion-icon-side-right\"><div class=\"ive-accordion-inner-wrap ive-start-active-pane-1 ive-accordion-_c5ac85-15 ive-accodion-icon-style-basic ive-accodion-icon-side-right\" data-allow-multiple-open=\"false\" data-start-open=\"0\">\n<div class=\"wp-block-ive-pane ive-accordion-pane ive-accordion-pane-1 ive-pane_4171a5-2a\"><div class=\"ive-accordion-header-wrap\"><button class=\"ive-blocks-accordion-header ive-acccordion-button-label-show d-flex justify-content-start justify-content-md-start ive-accordions-xl-start\"><span class=\"ive-blocks-accordion-title-wrap\"><span class=\"ive-blocks-accordion-title\">Projektiranje elektrotehni\u010dkih instalacija<\/span><\/span><span class=\"ive-blocks-accordion-icon-trigger\"><\/span><\/button><\/div><div class=\"ive-accordion-panel\"><div class=\"ive-accordion-panel-inner\">\n<p><strong>Projektiranje elektrotehni\u010dkih instalacija <\/strong>je slo\u017een proces koji obuhva\u0107a planiranje, dizajniranje i implementaciju sustava za distribuciju elektri\u010dne energije. Uklju\u010duje analizu potreba korisnika, prora\u010dune optere\u0107enja, odabir opreme i materijala te raspore\u0111ivanje elemenata instalacija. Va\u017eno je po\u0161tivati sigurnosne standarde i propise radi pouzdanosti i sigurnosti elektri\u010dnih sustava. Suradnja stru\u010dnjaka poput elektroin\u017eenjera, arhitekata i gra\u0111evinskih stru\u010dnjaka klju\u010dna je za ispunjenje specifi\u010dnih zahtjeva projekta i korisnika. Kvalitetno projektiranje instalacija rezultira energetski u\u010dinkovitim, ekonomi\u010dnim i funkcionalnim sustavima koji podr\u017eavaju razli\u010dite vrste gra\u0111evina i industrijskih objekata.<\/p>\n\n\n\n<p><\/p>\n<\/div><\/div><\/div>\n\n\n\n<div class=\"wp-block-ive-pane ive-accordion-pane ive-accordion-pane-2 ive-pane_3d9945-bf\"><div class=\"ive-accordion-header-wrap\"><button class=\"ive-blocks-accordion-header ive-acccordion-button-label-show d-flex justify-content-start justify-content-md-start ive-accordions-xl-start\"><span class=\"ive-blocks-accordion-title-wrap\"><span class=\"ive-blocks-accordion-title\">\u00a0Stru\u010dni nadzor gra\u0111enja<\/span><\/span><span class=\"ive-blocks-accordion-icon-trigger\"><\/span><\/button><\/div><div class=\"ive-accordion-panel\"><div class=\"ive-accordion-panel-inner\">\n<p><strong>Stru\u010dni nadzor gra\u0111enja<\/strong> klju\u010dna je aktivnost koja osigurava provo\u0111enje gra\u0111evinskih radova u skladu s projektom, tehni\u010dkim propisima i standardima. Nadzornik prati napredak radova, provjerava kvalitetu izvedbe te rje\u0161ava tehni\u010dke ili organizacijske probleme. Njegova uloga uklju\u010duje redovite posjete gradili\u0161tu, pregled izvedenih radova, vo\u0111enje dokumentacije i komunikaciju s investitorom i izvo\u0111a\u010dima. Stru\u010dni nadzor klju\u010dan je za osiguranje sigurnosti objekta te sprje\u010davanje odstupanja od plana. Kvalitetan nadzor doprinosi uspje\u0161nom zavr\u0161etku projekta unutar zadanih rokova i bud\u017eeta, smanjuju\u0107i rizik od kasnijih komplikacija ili dodatnih tro\u0161kova.<\/p>\n<\/div><\/div><\/div>\n\n\n\n<div class=\"wp-block-ive-pane ive-accordion-pane ive-accordion-pane-3 ive-pane_26ba15-6c\"><div class=\"ive-accordion-header-wrap\"><button class=\"ive-blocks-accordion-header ive-acccordion-button-label-show d-flex justify-content-start justify-content-md-start ive-accordions-xl-start\"><span class=\"ive-blocks-accordion-title-wrap\"><span class=\"ive-blocks-accordion-title\">Obnovljivi izvori energije ( fotonaponske elektrane)<\/span><\/span><span class=\"ive-blocks-accordion-icon-trigger\"><\/span><\/button><\/div><div class=\"ive-accordion-panel\"><div class=\"ive-accordion-panel-inner\">\n<p><strong>Fotonaponske elektrane<\/strong> ili solarni paneli koriste sun\u010devu svjetlost kako bi proizveli elektri\u010dnu energiju putem solarnih \u0107elija.Obi\u010dno se postavljaju na krovove ili otvorene prostore i koriste se za napajanje razli\u010ditih ure\u0111aja bez one\u010di\u0161\u0107enja okoli\u0161a. Osim \u0161to su ekolo\u0161ki prihvatljivi, solarni paneli smanjuju tro\u0161kove jer je sun\u010deva svjetlost besplatna, a odr\u017eavanje panela je jeftino.<\/p>\n\n\n\n<p>Smanjite ra\u010dune, u\u017eivajte u sun\u010devoj energiji \u2013 odr\u017eavanje panela je zanemarivo!<\/p>\n<\/div><\/div><\/div>\n\n\n\n<div class=\"wp-block-ive-pane ive-accordion-pane ive-accordion-pane-4 ive-pane_799467-24\"><div class=\"ive-accordion-header-wrap\"><button class=\"ive-blocks-accordion-header ive-acccordion-button-label-show d-flex justify-content-start justify-content-md-start ive-accordions-xl-start\"><span class=\"ive-blocks-accordion-title-wrap\"><span class=\"ive-blocks-accordion-title\">Energetsko certificiranje (Modul 1 i Modul 2)<\/span><\/span><span class=\"ive-blocks-accordion-icon-trigger\"><\/span><\/button><\/div><div class=\"ive-accordion-panel\"><div class=\"ive-accordion-panel-inner\">\n<p><strong>Energetsko certificiranje <\/strong>sastoji se od dva osnovna modula: Modula 1 i Modula 2. <\/p>\n\n\n\n<p><strong>Modul 1 <\/strong>obuhva\u0107a procjenu energetske u\u010dinkovitosti zgrade temeljenu na njezinoj potro\u0161nji energije, kori\u0161tenim materijalima te sustavima za grijanje, hla\u0111enje, ventilaciju i rasvjetu. Pru\u017ea informacije o energetskom razredu zgrade, klju\u010dne prilikom kupnje, najma ili prodaje. <\/p>\n\n\n\n<p><strong>Modul 2 <\/strong>fokusira se na energetsku certifikaciju zgrade prema njenim karakteristikama i potencijalu za u\u0161tedu energije, nude\u0107i preporuke za pobolj\u0161anje energetske u\u010dinkovitosti. Ovaj modul daje smjernice o optimizaciji sustava i materijala radi smanjenja potro\u0161nje energije i tro\u0161kova odr\u017eavanja zgrade. Obje komponente su klju\u010dne za promicanje energetske u\u010dinkovitosti i odr\u017eivosti u gra\u0111evinskom sektoru.<\/p>\n<\/div><\/div><\/div>\n\n\n\n<div class=\"wp-block-ive-pane ive-accordion-pane ive-accordion-pane-5 ive-pane_5018bc-90\"><div class=\"ive-accordion-header-wrap\"><button class=\"ive-blocks-accordion-header ive-acccordion-button-label-show d-flex justify-content-start justify-content-md-start ive-accordions-xl-start\"><span class=\"ive-blocks-accordion-title-wrap\"><span class=\"ive-blocks-accordion-title\">\u00a0Ispitivanja i mjerenja elektrotehni\u010dkih instalacija<\/span><\/span><span class=\"ive-blocks-accordion-icon-trigger\"><\/span><\/button><\/div><div class=\"ive-accordion-panel\"><div class=\"ive-accordion-panel-inner\">\n<p><strong>Ispitivanja i mjerenja elektrotehni\u010dkih instalacija<\/strong> su klju\u010dni koraci u osiguravanju sigurnosti, pouzdanosti i funkcionalnosti elektri\u010dnih sustava. Ova aktivnost uklju\u010duje provjeru ispravnosti instalirane opreme, elektri\u010dnih vodova i sustava koriste\u0107i razli\u010dite instrumente i metode mjerenja. Mjerenja se provode radi provjere elektri\u010dnih parametara poput napona, struje, otpora i izolacijske otpornosti. Tako\u0111er, ispitivanja osiguravaju da instalacije zadovoljavaju relevantne tehni\u010dke standarde i propise. Redovita ispitivanja i mjerenja su klju\u010dna za otkrivanje potencijalnih problema ili nedostataka te omogu\u0107uju njihovo rje\u0161avanje prije nego \u0161to se pojave ozbiljniji problemi ili nezgode. Kvalitetna ispitivanja i mjerenja su od vitalnog zna\u010daja za odr\u017eavanje sigurnosti i performansi elektrotehni\u010dkih instalacija tijekom njihovog \u017eivotnog ciklusa.<\/p>\n<\/div><\/div><\/div>\n\n\n\n<div class=\"wp-block-ive-pane ive-accordion-pane ive-accordion-pane-6 ive-pane_984abb-7f\"><div class=\"ive-accordion-header-wrap\"><button class=\"ive-blocks-accordion-header ive-acccordion-button-label-show d-flex justify-content-start justify-content-md-start ive-accordions-xl-start\"><span class=\"ive-blocks-accordion-title-wrap\"><span class=\"ive-blocks-accordion-title\">Ispitivanja i mjerenja fotonaponskih sustava<\/span><\/span><span class=\"ive-blocks-accordion-icon-trigger\"><\/span><\/button><\/div><div class=\"ive-accordion-panel\"><div class=\"ive-accordion-panel-inner\">\n<p><strong>Ispitivanja i mjerenja fotonaponskih sustava<\/strong> su klju\u010dni koraci u osiguravanju njihove u\u010dinkovitosti, sigurnosti i dugoro\u010dne pouzdanosti. Ova aktivnost uklju\u010duje provjeru performansi solarnih panela, kvalitete elektri\u010dnih veza, stabilnosti sustava i sigurnosti instalacije. Mjerenja se provode kako bi se procijenila stvarna proizvodnja elektri\u010dne energije u odnosu na o\u010dekivanja, te kako bi se identificirali potencijalni problemi ili nedostaci u sustavu. Tako\u0111er se mjeri i analizira kvaliteta elektri\u010dne energije, uklju\u010duju\u0107i parametre poput naponskih oscilacija, harmonika i faktora snage. Redovita ispitivanja i mjerenja su klju\u010dna za odr\u017eavanje optimalnog rada fotonaponskih sustava te za osiguranje njihove dugoro\u010dne pouzdanosti i u\u010dinkovitosti.<\/p>\n<\/div><\/div><\/div>\n\n\n\n<div class=\"wp-block-ive-pane ive-accordion-pane ive-accordion-pane-7 ive-pane_ed4ec8-02\"><div class=\"ive-accordion-header-wrap\"><button class=\"ive-blocks-accordion-header ive-acccordion-button-label-show d-flex justify-content-start justify-content-md-start ive-accordions-xl-start\"><span class=\"ive-blocks-accordion-title-wrap\"><span class=\"ive-blocks-accordion-title\">Mjerenje kvalitete elektri\u010dne energije<\/span><\/span><span class=\"ive-blocks-accordion-icon-trigger\"><\/span><\/button><\/div><div class=\"ive-accordion-panel\"><div class=\"ive-accordion-panel-inner\">\n<p><strong>Mjerenje kvalitete elektri\u010dne energije<\/strong> je slo\u017een proces koji uklju\u010duje pra\u0107enje i analizu razli\u010ditih parametara elektri\u010dne mre\u017ee kako bi se osiguralo da elektri\u010dna energija zadovoljava odre\u0111ene standarde kvalitete. Ovi parametri uklju\u010duju napon, frekvenciju, harmonike, fluktuacije napona, kratkotrajne prekide napajanja i asimetrije napona. Specijalizirana oprema poput analizatora elektri\u010dne energije ili snima\u010da podataka koristi se za mjerenje i bilje\u017eenje tih parametara tijekom odre\u0111enog vremenskog razdoblja. Mjerenje kvalitete elektri\u010dne energije klju\u010dno je za osiguranje pouzdanog i stabilnog napajanja elektri\u010dnom energijom te za identifikaciju potencijalnih problema u elektri\u010dnoj mre\u017ei. Tako\u0111er, poma\u017ee u optimizaciji rada elektri\u010dnih sustava te u rje\u0161avanju problema koji mogu utjecati na kvalitetu elektri\u010dne energije.<\/p>\n<\/div><\/div><\/div>\n<\/div><\/div><\/div>\n","protected":false},"excerpt":{"rendered":"","protected":false},"author":1,"featured_media":0,"parent":0,"menu_order":0,"comment_status":"closed","ping_status":"closed","template":"","meta":{"_regular_price":[],"currency_symbol":[],"footnotes":""},"class_list":["post-27","page","type-page","status-publish","hentry"],"post_slider_layout_featured_media_urls":{"thumbnail":"","post_slider_layout_landscape_large":"","post_slider_layout_portrait_large":"","post_slider_layout_square_large":"","post_slider_layout_landscape":"","post_slider_layout_portrait":"","post_slider_layout_square":"","full":""},"_links":{"self":[{"href":"https:\/\/e-projektos.hr\/index.php?rest_route=\/wp\/v2\/pages\/27","targetHints":{"allow":["GET"]}}],"collection":[{"href":"https:\/\/e-projektos.hr\/index.php?rest_route=\/wp\/v2\/pages"}],"about":[{"href":"https:\/\/e-projektos.hr\/index.php?rest_route=\/wp\/v2\/types\/page"}],"author":[{"embeddable":true,"href":"https:\/\/e-projektos.hr\/index.php?rest_route=\/wp\/v2\/users\/1"}],"replies":[{"embeddable":true,"href":"https:\/\/e-projektos.hr\/index.php?rest_route=%2Fwp%2Fv2%2Fcomments&post=27"}],"version-history":[{"count":4,"href":"https:\/\/e-projektos.hr\/index.php?rest_route=\/wp\/v2\/pages\/27\/revisions"}],"predecessor-version":[{"id":399,"href":"https:\/\/e-projektos.hr\/index.php?rest_route=\/wp\/v2\/pages\/27\/revisions\/399"}],"wp:attachment":[{"href":"https:\/\/e-projektos.hr\/index.php?rest_route=%2Fwp%2Fv2%2Fmedia&parent=27"}],"curies":[{"name":"wp","href":"https:\/\/api.w.org\/{rel}","templated":true}]}}