{"id":25,"date":"2024-03-28T13:43:33","date_gmt":"2024-03-28T13:43:33","guid":{"rendered":"https:\/\/e-projektos.hr\/?page_id=25"},"modified":"2024-05-22T08:08:24","modified_gmt":"2024-05-22T08:08:24","slug":"o-nama","status":"publish","type":"page","link":"https:\/\/e-projektos.hr\/?page_id=25","title":{"rendered":"O Nama"},"content":{"rendered":"\n<p><\/p>\n\n\n\n<hr class=\"wp-block-separator has-alpha-channel-opacity\"\/>\n\n\n\n<p>Pod vodstvom iskusnog projektanta Nikole Maljkovi\u0107a, mag. ing. el., osnovali smo se 2022. godine. Na\u0161a stru\u010dnost obuhva\u0107a \u0161iroko iskustvo u elektrotehni\u010dkim instalacijama i nadzoru gra\u0111evinskih projekata. S predano\u0161\u0107u pratimo najnovije trendove u interakciji s klijentima i suradnicima iz razli\u010ditih in\u017eenjerskih podru\u010dja. Sudjelovali smo u brojnim <a href=\"https:\/\/e-projektos.hr\/index.php\/reference\/\">projektima <\/a>raznolike slo\u017eenosti, od manjih lokalnih projekata do ve\u0107ih industrijskih postrojenja.<\/p>\n\n\n\n<p><\/p>\n\n\n\n<p>Na\u0161a misija je usmjerena na: <\/p>\n\n\n\n<ul class=\"wp-block-list\">\n<li>kontinuirano pra\u0107enje suvremenih trendova i tehnologija<\/li>\n<\/ul>\n\n\n\n<ul class=\"wp-block-list\">\n<li>neprestano stru\u010dno usavr\u0161avanje<\/li>\n<\/ul>\n\n\n\n<ul class=\"wp-block-list\">\n<li>pru\u017eanje trajne podr\u0161ke klijentima i suradnicima <\/li>\n<\/ul>\n\n\n\n<ul class=\"wp-block-list\">\n<li>poticanje inovativnosti i kreativnosti. <\/li>\n<\/ul>\n\n\n\n<p><\/p>\n\n\n\n<p>Dr\u017eimo se visokih standarda u svim aspektima na\u0161eg poslovanja kako bismo osigurali zadovoljstvo i povjerenje na\u0161ih partnera.<\/p>\n\n\n\n<p>Svojim stru\u010dnim znanjem i posve\u0107eno\u0161\u0107u, osiguravamo kvalitetnu i pouzdanu uslugu u podru\u010dju elektrotehnike i gra\u0111evinarstva.<\/p>\n\n\n\n<p><\/p>\n\n\n\n<p><\/p>\n\n\n\n<p><\/p>\n\n\n\n<p><\/p>\n\n\n\n<div class=\"alignnormal\"><div id=\"metaslider-id-236\" style=\"width: 100%;\" class=\"ml-slider-3-80-0 metaslider metaslider-flex metaslider-236 ml-slider ms-theme-bubble nav-hidden has-carousel-mode\" role=\"region\" aria-roledescription=\"Slideshow\" aria-label=\"New Slideshow\">\n    <div id=\"metaslider_container_236\">\n        <div id=\"metaslider_236\">\n            <ul class='slides'>\n                <li style=\"display: none; width: 100%;\" class=\"slide-248 ms-image \" aria-roledescription=\"slide\" aria-label=\"slide-248\"><img fetchpriority=\"high\" decoding=\"async\" src=\"https:\/\/e-projektos.hr\/wp-content\/uploads\/2024\/04\/eprojektos9-300x300.jpeg\" height=\"300\" width=\"300\" alt=\"\" class=\"slider-236 slide-248\" title=\"eprojektos9\" \/><\/li>\n                <li style=\"display: none; width: 100%;\" class=\"slide-249 ms-image \" aria-roledescription=\"slide\" aria-label=\"slide-249\"><img decoding=\"async\" src=\"https:\/\/e-projektos.hr\/wp-content\/uploads\/2024\/04\/eprojektos8-300x300.jpeg\" height=\"300\" width=\"300\" alt=\"\" class=\"slider-236 slide-249\" title=\"eprojektos8\" \/><\/li>\n                <li style=\"display: none; width: 100%;\" class=\"slide-250 ms-image \" aria-roledescription=\"slide\" aria-label=\"slide-250\"><img decoding=\"async\" src=\"https:\/\/e-projektos.hr\/wp-content\/uploads\/2024\/04\/eprojektos6-scaled-300x300.jpeg\" height=\"300\" width=\"300\" alt=\"\" class=\"slider-236 slide-250\" title=\"eprojektos6\" \/><\/li>\n                <li style=\"display: none; width: 100%;\" class=\"slide-251 ms-image \" aria-roledescription=\"slide\" aria-label=\"slide-251\"><img loading=\"lazy\" decoding=\"async\" src=\"https:\/\/e-projektos.hr\/wp-content\/uploads\/2024\/04\/eprojektos5-1-300x300.jpeg\" height=\"300\" width=\"300\" alt=\"\" class=\"slider-236 slide-251\" title=\"eprojektos5\" \/><\/li>\n                <li style=\"display: none; width: 100%;\" class=\"slide-252 ms-image \" aria-roledescription=\"slide\" aria-label=\"slide-252\"><img loading=\"lazy\" decoding=\"async\" src=\"https:\/\/e-projektos.hr\/wp-content\/uploads\/2024\/04\/eprojektos4-300x300.jpeg\" height=\"300\" width=\"300\" alt=\"\" class=\"slider-236 slide-252\" title=\"eprojektos4\" \/><\/li>\n                <li style=\"display: none; width: 100%;\" class=\"slide-254 ms-image \" aria-roledescription=\"slide\" aria-label=\"slide-254\"><img loading=\"lazy\" decoding=\"async\" src=\"https:\/\/e-projektos.hr\/wp-content\/uploads\/2024\/04\/eprijektos9-1-300x300.jpeg\" height=\"300\" width=\"300\" alt=\"\" class=\"slider-236 slide-254\" title=\"eprijektos9\" \/><\/li>\n                <li style=\"display: none; width: 100%;\" class=\"slide-255 ms-image \" aria-roledescription=\"slide\" aria-label=\"slide-255\"><img loading=\"lazy\" decoding=\"async\" src=\"https:\/\/e-projektos.hr\/wp-content\/uploads\/2024\/04\/eprijektos7-1-300x300.jpeg\" height=\"300\" width=\"300\" alt=\"\" class=\"slider-236 slide-255\" title=\"eprijektos7\" \/><\/li>\n                <li style=\"display: none; width: 100%;\" class=\"slide-256 ms-image \" aria-roledescription=\"slide\" aria-label=\"slide-256\"><img loading=\"lazy\" decoding=\"async\" src=\"https:\/\/e-projektos.hr\/wp-content\/uploads\/2024\/04\/eprijektos9-300x300.jpeg\" height=\"300\" width=\"300\" alt=\"\" class=\"slider-236 slide-256\" title=\"eprijektos9\" \/><\/li>\n                <li style=\"display: none; width: 100%;\" class=\"slide-257 ms-image \" aria-roledescription=\"slide\" aria-label=\"slide-257\"><img loading=\"lazy\" decoding=\"async\" src=\"https:\/\/e-projektos.hr\/wp-content\/uploads\/2024\/04\/eprijektos7-300x300.jpeg\" height=\"300\" width=\"300\" alt=\"\" class=\"slider-236 slide-257\" title=\"eprijektos7\" \/><\/li>\n                <li style=\"display: none; width: 100%;\" class=\"slide-258 ms-image \" aria-roledescription=\"slide\" aria-label=\"slide-258\"><img loading=\"lazy\" decoding=\"async\" src=\"https:\/\/e-projektos.hr\/wp-content\/uploads\/2024\/04\/eproj-1-300x300.jpeg\" height=\"300\" width=\"300\" alt=\"\" class=\"slider-236 slide-258\" title=\"eproj\" \/><\/li>\n                <li style=\"display: none; width: 100%;\" class=\"slide-259 ms-image \" aria-roledescription=\"slide\" aria-label=\"slide-259\"><img loading=\"lazy\" decoding=\"async\" src=\"https:\/\/e-projektos.hr\/wp-content\/uploads\/2024\/04\/eprojk4-scaled-300x300.jpeg\" height=\"300\" width=\"300\" alt=\"\" class=\"slider-236 slide-259\" title=\"eprojk4\" \/><\/li>\n                <li style=\"display: none; width: 100%;\" class=\"slide-262 ms-image \" aria-roledescription=\"slide\" aria-label=\"slide-262\"><img loading=\"lazy\" decoding=\"async\" src=\"https:\/\/e-projektos.hr\/wp-content\/uploads\/2024\/04\/eporjkt6-300x300.jpeg\" height=\"300\" width=\"300\" alt=\"\" class=\"slider-236 slide-262\" title=\"eporjkt6\" \/><\/li>\n                <li style=\"display: none; width: 100%;\" class=\"slide-284 ms-image \" aria-roledescription=\"slide\" aria-label=\"slide-284\"><img loading=\"lazy\" decoding=\"async\" src=\"https:\/\/e-projektos.hr\/wp-content\/uploads\/2024\/05\/Image11-300x300.png\" height=\"300\" width=\"300\" alt=\"\" class=\"slider-236 slide-284\" title=\"Image11\" \/><\/li>\n                <li style=\"display: none; width: 100%;\" class=\"slide-285 ms-image \" aria-roledescription=\"slide\" aria-label=\"slide-285\"><img loading=\"lazy\" decoding=\"async\" src=\"https:\/\/e-projektos.hr\/wp-content\/uploads\/2024\/05\/Image3-300x300.png\" height=\"300\" width=\"300\" alt=\"\" class=\"slider-236 slide-285\" title=\"Image3\" \/><\/li>\n                <li style=\"display: none; width: 100%;\" class=\"slide-286 ms-image \" aria-roledescription=\"slide\" aria-label=\"slide-286\"><img loading=\"lazy\" decoding=\"async\" src=\"https:\/\/e-projektos.hr\/wp-content\/uploads\/2024\/05\/sijalica-300x300.png\" height=\"300\" width=\"300\" alt=\"\" class=\"slider-236 slide-286\" title=\"sijalica\" \/><\/li>\n            <\/ul>\n        <\/div>\n        \n    <\/div>\n<\/div><\/div>\n","protected":false},"excerpt":{"rendered":"<p>Pod vodstvom iskusnog projektanta Nikole Maljkovi\u0107a, mag. ing. el., osnovali smo se 2022. godine. Na\u0161a stru\u010dnost obuhva\u0107a \u0161iroko iskustvo u elektrotehni\u010dkim instalacijama i nadzoru gra\u0111evinskih projekata. S predano\u0161\u0107u pratimo najnovije trendove u interakciji s klijentima i suradnicima iz razli\u010ditih in\u017eenjerskih podru\u010dja. Sudjelovali smo u brojnim projektima raznolike slo\u017eenosti, od manjih lokalnih projekata do ve\u0107ih industrijskih [&hellip;]<\/p>\n","protected":false},"author":1,"featured_media":0,"parent":0,"menu_order":0,"comment_status":"closed","ping_status":"closed","template":"","meta":{"_regular_price":[],"currency_symbol":[],"footnotes":""},"class_list":["post-25","page","type-page","status-publish","hentry"],"post_slider_layout_featured_media_urls":{"thumbnail":"","post_slider_layout_landscape_large":"","post_slider_layout_portrait_large":"","post_slider_layout_square_large":"","post_slider_layout_landscape":"","post_slider_layout_portrait":"","post_slider_layout_square":"","full":""},"_links":{"self":[{"href":"https:\/\/e-projektos.hr\/index.php?rest_route=\/wp\/v2\/pages\/25","targetHints":{"allow":["GET"]}}],"collection":[{"href":"https:\/\/e-projektos.hr\/index.php?rest_route=\/wp\/v2\/pages"}],"about":[{"href":"https:\/\/e-projektos.hr\/index.php?rest_route=\/wp\/v2\/types\/page"}],"author":[{"embeddable":true,"href":"https:\/\/e-projektos.hr\/index.php?rest_route=\/wp\/v2\/users\/1"}],"replies":[{"embeddable":true,"href":"https:\/\/e-projektos.hr\/index.php?rest_route=%2Fwp%2Fv2%2Fcomments&post=25"}],"version-history":[{"count":5,"href":"https:\/\/e-projektos.hr\/index.php?rest_route=\/wp\/v2\/pages\/25\/revisions"}],"predecessor-version":[{"id":309,"href":"https:\/\/e-projektos.hr\/index.php?rest_route=\/wp\/v2\/pages\/25\/revisions\/309"}],"wp:attachment":[{"href":"https:\/\/e-projektos.hr\/index.php?rest_route=%2Fwp%2Fv2%2Fmedia&parent=25"}],"curies":[{"name":"wp","href":"https:\/\/api.w.org\/{rel}","templated":true}]}}